{"id":2953,"date":"2025-03-10T16:52:36","date_gmt":"2025-03-10T16:52:36","guid":{"rendered":"https:\/\/mazzellarent.it\/ueber-uns\/"},"modified":"2026-04-09T08:01:47","modified_gmt":"2026-04-09T08:01:47","slug":"ueber-uns","status":"publish","type":"page","link":"https:\/\/mazzellarent.it\/de\/ueber-uns\/","title":{"rendered":"\u00dcber uns"},"content":{"rendered":"\n<div class=\"wp-block-group is-layout-constrained wp-container-core-group-is-layout-edcd9cee wp-block-group-is-layout-constrained\" style=\"padding-top:30px;padding-right:30px;padding-bottom:30px;padding-left:30px\">\n<h2 class=\"wp-block-heading has-text-align-center\">Mazzella Rent, Ihre Mobilit\u00e4tswahl auf Ischia<\/h2>\n\n\n\n<div class=\"wp-block-media-text is-stacked-on-mobile is-vertically-aligned-center orkestra-media-text-image\"><figure class=\"wp-block-media-text__media\"><img loading=\"lazy\" decoding=\"async\" width=\"1024\" height=\"768\" src=\"https:\/\/mazzellarent.it\/wp-content\/uploads\/2023\/12\/7-scaled-1-1024x768.jpg\" alt=\"Mazzella Rent Team Ischia\" class=\"wp-image-668 size-full\" srcset=\"https:\/\/mazzellarent.it\/wp-content\/uploads\/2023\/12\/7-scaled-1-1024x768.jpg 1024w, https:\/\/mazzellarent.it\/wp-content\/uploads\/2023\/12\/7-scaled-1-300x225.jpg 300w, https:\/\/mazzellarent.it\/wp-content\/uploads\/2023\/12\/7-scaled-1-768x576.jpg 768w, https:\/\/mazzellarent.it\/wp-content\/uploads\/2023\/12\/7-scaled-1-1536x1152.jpg 1536w, https:\/\/mazzellarent.it\/wp-content\/uploads\/2023\/12\/7-scaled-1-2048x1536.jpg 2048w\" sizes=\"auto, (max-width: 1024px) 100vw, 1024px\" \/><\/figure><div class=\"wp-block-media-text__content\">\n<div class=\"wp-block-group is-layout-constrained wp-block-group-is-layout-constrained\" style=\"padding-top:24px;padding-bottom:24px\">\n<h3 class=\"wp-block-heading\">Unsere Geschichte<\/h3>\n\n\n\n<p>Willkommen bei Mazzella Rent, Ihrer vertrauensw\u00fcrdigen Fahrzeugvermietung auf Ischia. Gegr\u00fcndet im Jahr 1965, hat Mazzella Rent tiefe Wurzeln in der Mobilit\u00e4t auf Ischia. Wir begannen als kleines Familienunternehmen und sind dank unseres Engagements f\u00fcr Qualit\u00e4t und Kundenservice zu einem der f\u00fchrenden Fahrzeugvermieter auf der Insel gewachsen.<\/p>\n<\/div>\n<\/div><\/div>\n\n\n\n<div class=\"wp-block-media-text has-media-on-the-right is-stacked-on-mobile is-vertically-aligned-center orkestra-media-text-image\"><div class=\"wp-block-media-text__content\">\n<div class=\"wp-block-group is-layout-constrained wp-block-group-is-layout-constrained\" style=\"padding-top:24px;padding-bottom:24px\">\n<h3 class=\"wp-block-heading\">Unsere Mission<\/h3>\n\n\n\n<p>Unsere Mission ist einfach: Ihren Aufenthalt auf Ischia so komfortabel und unvergesslich wie m\u00f6glich zu gestalten. Wir m\u00f6chten nicht nur ein Auto- oder Rollerverleih sein, sondern Ihr Reisepartner, der Sie durch die nat\u00fcrlichen und kulturellen Wunder dieser wundersch\u00f6nen Insel f\u00fchrt.<\/p>\n<\/div>\n<\/div><figure class=\"wp-block-media-text__media\"><img loading=\"lazy\" decoding=\"async\" width=\"964\" height=\"600\" src=\"https:\/\/mazzellarent.it\/wp-content\/uploads\/2025\/03\/Vespa.jpg\" alt=\"Vespa Verleih Ischia - Mazzella Rent\" class=\"wp-image-1880 size-full\" srcset=\"https:\/\/mazzellarent.it\/wp-content\/uploads\/2025\/03\/Vespa.jpg 964w, https:\/\/mazzellarent.it\/wp-content\/uploads\/2025\/03\/Vespa-300x187.jpg 300w, https:\/\/mazzellarent.it\/wp-content\/uploads\/2025\/03\/Vespa-768x478.jpg 768w\" sizes=\"auto, (max-width: 964px) 100vw, 964px\" \/><\/figure><\/div>\n\n\n\n<div class=\"wp-block-media-text is-stacked-on-mobile is-vertically-aligned-center orkestra-media-text-image\"><figure class=\"wp-block-media-text__media\"><img loading=\"lazy\" decoding=\"async\" width=\"1024\" height=\"768\" src=\"https:\/\/mazzellarent.it\/wp-content\/uploads\/2023\/12\/Immagine-WhatsApp-2023-04-10-ore-11.58.11-1024x768.jpg\" alt=\"Mazzella Rent B\u00fcro Ischia\" class=\"wp-image-666 size-full\" srcset=\"https:\/\/mazzellarent.it\/wp-content\/uploads\/2023\/12\/Immagine-WhatsApp-2023-04-10-ore-11.58.11-1024x768.jpg 1024w, https:\/\/mazzellarent.it\/wp-content\/uploads\/2023\/12\/Immagine-WhatsApp-2023-04-10-ore-11.58.11-300x225.jpg 300w, https:\/\/mazzellarent.it\/wp-content\/uploads\/2023\/12\/Immagine-WhatsApp-2023-04-10-ore-11.58.11-768x576.jpg 768w, https:\/\/mazzellarent.it\/wp-content\/uploads\/2023\/12\/Immagine-WhatsApp-2023-04-10-ore-11.58.11-1536x1152.jpg 1536w, https:\/\/mazzellarent.it\/wp-content\/uploads\/2023\/12\/Immagine-WhatsApp-2023-04-10-ore-11.58.11.jpg 2048w\" sizes=\"auto, (max-width: 1024px) 100vw, 1024px\" \/><\/figure><div class=\"wp-block-media-text__content\">\n<div class=\"wp-block-group is-layout-constrained wp-block-group-is-layout-constrained\" style=\"padding-top:24px;padding-bottom:24px\">\n<h3 class=\"wp-block-heading\">Kontaktieren Sie uns<\/h3>\n\n\n\n<p>Mit Blick auf die Zukunft engagiert sich Mazzella Rent f\u00fcr nachhaltige Praktiken, um die Umweltauswirkungen unseres Gesch\u00e4fts zu reduzieren. Wir planen, eine Reihe von Elektro- und emissionsarmen Fahrzeugen in unsere Flotte aufzunehmen.<\/p>\n\n\n\n<p><strong>Vielen Dank, dass Sie sich f\u00fcr Mazzella Rent entschieden haben.<\/strong><\/p>\n\n\n\n<p>Wir freuen uns darauf, Ihnen zu dienen!<\/p>\n<\/div>\n<\/div><\/div>\n<\/div>\n\n\n\n<div class=\"wp-block-group is-layout-constrained wp-container-core-group-is-layout-09e7fe32 wp-block-group-is-layout-constrained\" style=\"padding-top:80px;padding-right:var(--wp--preset--spacing--40);padding-bottom:80px;padding-left:var(--wp--preset--spacing--40)\">\n<div class=\"wp-block-group is-layout-constrained wp-block-group-is-layout-constrained\">\n<p class=\"has-text-align-center has-base-color has-text-color has-small-font-size\" style=\"letter-spacing:1px;text-transform:uppercase\">Erfahrung und Freundlichkeit an Ihrer Seite<\/p>\n\n\n\n<h3 class=\"wp-block-heading has-text-align-center has-base-color has-text-color\" style=\"font-size:clamp(26.465px, 1.654rem + ((1vw - 3.2px) * 1.655), 45px);font-style:normal;font-weight:700;line-height:1.1\">Warum Mazzella Rent w\u00e4hlen?<\/h3>\n<\/div>\n\n\n\n<div style=\"height:60px\" aria-hidden=\"true\" class=\"wp-block-spacer\"><\/div>\n\n\n\n<div class=\"wp-block-group orkestra-scrollable-mobile-only is-layout-grid wp-container-core-group-is-layout-6056aaf6 wp-block-group-is-layout-grid\">\n<div class=\"wp-block-group has-quaternary-background-color has-background is-vertical is-content-justification-center is-layout-flex wp-container-core-group-is-layout-add3143a wp-block-group-is-layout-flex\" style=\"border-radius:24px;padding-top:24px;padding-right:24px;padding-bottom:24px;padding-left:24px\">\n<div class=\"wp-block-group is-layout-constrained wp-block-group-is-layout-constrained\">\n<figure class=\"wp-block-image aligncenter size-full is-resized has-custom-border\"><img loading=\"lazy\" decoding=\"async\" width=\"100\" height=\"100\" src=\"https:\/\/mazzellarent.it\/wp-content\/uploads\/2025\/03\/03-Servizio-Clienti.png\" alt=\"Servizio clienti Mazzella Rent Ischia\" class=\"wp-image-177\" style=\"border-radius:50px;aspect-ratio:1;object-fit:cover;width:auto;height:100px\"\/><\/figure>\n\n\n\n<h3 class=\"wp-block-heading has-text-align-center has-secondary-color has-text-color\" style=\"font-size:clamp(18.959px, 1.185rem + ((1vw - 3.2px) * 0.986), 30px);\">Erfahrung und Verl\u00e4sslichkeit<\/h3>\n<\/div>\n\n\n\n<p class=\"has-text-align-center has-base-color has-text-color has-small-font-size\" style=\"margin-bottom:0px\">Mit \u00fcber 20 Jahren Erfahrung im Bereich der Stra\u00dfenmobilit\u00e4t ist Mazzella Rent eines der etabliertesten und zuverl\u00e4ssigsten Vermietungsunternehmen auf Ischia. Wir haben einen soliden Ruf f\u00fcr Qualit\u00e4tsservice und Kundenzufriedenheit, so dass Ihre Reise immer in guten H\u00e4nden ist.<\/p>\n<\/div>\n\n\n\n<div class=\"wp-block-group has-quaternary-background-color has-background is-vertical is-content-justification-center is-layout-flex wp-container-core-group-is-layout-add3143a wp-block-group-is-layout-flex\" style=\"border-radius:24px;padding-top:24px;padding-right:24px;padding-bottom:24px;padding-left:24px\">\n<div class=\"wp-block-group is-layout-constrained wp-block-group-is-layout-constrained\">\n<figure class=\"wp-block-image aligncenter size-full is-resized has-custom-border\"><img loading=\"lazy\" decoding=\"async\" width=\"100\" height=\"100\" src=\"https:\/\/mazzellarent.it\/wp-content\/uploads\/2025\/03\/02-Macchine.png\" alt=\"Ampia scelta veicoli noleggio Ischia\" class=\"wp-image-176\" style=\"border-radius:50px;aspect-ratio:1;object-fit:cover;width:auto;height:100px\"\/><\/figure>\n\n\n\n<h3 class=\"wp-block-heading has-text-align-center has-secondary-color has-text-color\" style=\"font-size:clamp(18.959px, 1.185rem + ((1vw - 3.2px) * 0.986), 30px);\">Gro\u00dfe Auswahl an Fahrzeugen<\/h3>\n<\/div>\n\n\n\n<p class=\"has-text-align-center has-base-color has-text-color has-small-font-size\" style=\"margin-bottom:0px\">Wir bieten eine breite Palette von Mietoptionen f\u00fcr alle Bed\u00fcrfnisse und Budgets. Vom Luxusauto bis zum wendigen Motorroller wird jedes Fahrzeug in einem Top-Zustand gehalten und regelm\u00e4\u00dfig kontrolliert und desinfiziert, um ein H\u00f6chstma\u00df an Sicherheit und Komfort zu gew\u00e4hrleisten.<\/p>\n<\/div>\n\n\n\n<div class=\"wp-block-group has-quaternary-background-color has-background is-vertical is-content-justification-center is-layout-flex wp-container-core-group-is-layout-add3143a wp-block-group-is-layout-flex\" style=\"border-radius:24px;padding-top:24px;padding-right:24px;padding-bottom:24px;padding-left:24px\">\n<div class=\"wp-block-group is-layout-constrained wp-block-group-is-layout-constrained\">\n<figure class=\"wp-block-image aligncenter size-full is-resized has-custom-border\"><img loading=\"lazy\" decoding=\"async\" width=\"100\" height=\"100\" src=\"https:\/\/mazzellarent.it\/wp-content\/uploads\/2025\/03\/01-Affidabilita.png\" alt=\"Esperienza e affidabilit\u00e0 Mazzella Rent\" class=\"wp-image-175\" style=\"border-radius:50px;aspect-ratio:1;object-fit:cover;width:auto;height:100px\"\/><\/figure>\n\n\n\n<h3 class=\"wp-block-heading has-text-align-center has-secondary-color has-text-color has-link-color wp-elements-d1fc04582bb7a243d73701530afd2576\" style=\"font-size:clamp(18.959px, 1.185rem + ((1vw - 3.2px) * 0.986), 30px);\">Ausgezeichneter Kundenservice<\/h3>\n<\/div>\n\n\n\n<p class=\"has-text-align-center has-small-font-size\">Unser Kundenservice ist unvergleichlich. Wir stehen Ihnen rund um die Uhr zur Verf\u00fcgung, um Sie in allen Belangen Ihrer Anmietung zu unterst\u00fctzen. Ob Sie sofortige Pannenhilfe ben\u00f6tigen oder Ratschl\u00e4ge zur Erkundung der Insel, unser Team steht Ihnen jederzeit zur Verf\u00fcgung.<\/p>\n<\/div>\n\n\n\n<div class=\"wp-block-group has-quaternary-background-color has-background is-vertical is-content-justification-center is-layout-flex wp-container-core-group-is-layout-add3143a wp-block-group-is-layout-flex\" style=\"border-radius:24px;padding-top:24px;padding-right:24px;padding-bottom:24px;padding-left:24px\">\n<div class=\"wp-block-group is-layout-constrained wp-block-group-is-layout-constrained\">\n<figure class=\"wp-block-image aligncenter size-full is-resized has-custom-border\"><img loading=\"lazy\" decoding=\"async\" width=\"100\" height=\"100\" src=\"https:\/\/mazzellarent.it\/wp-content\/uploads\/2025\/03\/04-Flessibilita.png\" alt=\"Flessibilit\u00e0 noleggio auto Ischia\" class=\"wp-image-178\" style=\"border-radius:50px;aspect-ratio:1;object-fit:cover;width:auto;height:100px\"\/><\/figure>\n\n\n\n<h3 class=\"wp-block-heading has-text-align-center has-secondary-color has-text-color\" style=\"font-size:clamp(18.959px, 1.185rem + ((1vw - 3.2px) * 0.986), 30px);\">Flexibilit\u00e4t und Bequemlichkeit<\/h3>\n<\/div>\n\n\n\n<p class=\"has-text-align-center has-base-color has-text-color has-small-font-size\" style=\"margin-bottom:0px\">Wir wissen, dass jeder Reisende anders ist. Deshalb bieten wir eine Vielzahl flexibler Mietpl\u00e4ne an, von Tages- bis Monatsmieten, mit auf Sie zugeschnittenen Liefer- und Abholoptionen. Wir erleichtern Ihnen die Anmietung auf jede erdenkliche Weise.<\/p>\n<\/div>\n\n\n\n<div class=\"wp-block-group has-quaternary-background-color has-background is-vertical is-content-justification-center is-layout-flex wp-container-core-group-is-layout-add3143a wp-block-group-is-layout-flex\" style=\"border-radius:24px;padding-top:24px;padding-right:24px;padding-bottom:24px;padding-left:24px\">\n<div class=\"wp-block-group is-layout-constrained wp-block-group-is-layout-constrained\">\n<figure class=\"wp-block-image aligncenter size-full is-resized has-custom-border\"><img loading=\"lazy\" decoding=\"async\" width=\"100\" height=\"100\" src=\"https:\/\/mazzellarent.it\/wp-content\/uploads\/2025\/03\/05-Tariffe.png\" alt=\"Tariffe competitive noleggio Ischia\" class=\"wp-image-179\" style=\"border-radius:50px;aspect-ratio:1;object-fit:cover;width:auto;height:100px\"\/><\/figure>\n\n\n\n<h3 class=\"wp-block-heading has-text-align-center has-secondary-color has-text-color\" style=\"font-size:clamp(18.959px, 1.185rem + ((1vw - 3.2px) * 0.986), 30px);\">Wettbewerbsf\u00e4hige Preise und keine versteckten Kosten<\/h3>\n<\/div>\n\n\n\n<p class=\"has-text-align-center has-base-color has-text-color has-small-font-size\" style=\"margin-bottom:0px\">Transparenz ist f\u00fcr uns von grundlegender Bedeutung. Bei Mazzella Rent erhalten Sie immer einen klaren und detaillierten Kostenvoranschlag, ohne versteckte Kosten oder unerwartete Zusatzausgaben. Unsere Tarife geh\u00f6ren zu den wettbewerbsf\u00e4higsten auf dem Markt und bieten ein ausgezeichnetes Preis-Leistungs-Verh\u00e4ltnis.<\/p>\n<\/div>\n\n\n\n<div class=\"wp-block-group has-quaternary-background-color has-background is-vertical is-content-justification-center is-layout-flex wp-container-core-group-is-layout-add3143a wp-block-group-is-layout-flex\" style=\"border-radius:24px;padding-top:24px;padding-right:24px;padding-bottom:24px;padding-left:24px\">\n<div class=\"wp-block-group is-layout-constrained wp-block-group-is-layout-constrained\">\n<figure class=\"wp-block-image aligncenter size-full is-resized has-custom-border\"><img loading=\"lazy\" decoding=\"async\" width=\"100\" height=\"100\" src=\"https:\/\/mazzellarent.it\/wp-content\/uploads\/2025\/03\/06-Locale.png\" alt=\"Conoscenza locale Ischia Mazzella Rent\" class=\"wp-image-180\" style=\"border-radius:50px;aspect-ratio:1;object-fit:cover;width:auto;height:100px\"\/><\/figure>\n\n\n\n<h4 class=\"wp-block-heading has-secondary-color has-text-color has-link-color wp-elements-80e7f4f21c9b564cf470d519fce587b8\" style=\"font-size:clamp(18.959px, 1.185rem + ((1vw - 3.2px) * 0.986), 30px);\">Lokales Wissen<\/h4>\n<\/div>\n\n\n\n<p class=\"has-text-align-center has-small-font-size\">Als ortsans\u00e4ssiges Unternehmen mit einer tiefen Liebe zu Ischia verf\u00fcgen wir \u00fcber ausgezeichnete Kenntnisse der Insel. So k\u00f6nnen wir Ihnen fachkundige Ratschl\u00e4ge und pers\u00f6nliche Vorschl\u00e4ge geben, damit Sie weniger bekannte Orte und authentische Erlebnisse entdecken k\u00f6nnen.<\/p>\n<\/div>\n<\/div>\n<\/div>\n","protected":false},"excerpt":{"rendered":"<p>Mazzella Rent, Ihre Mobilit\u00e4tswahl auf Ischia Unsere Geschichte Willkommen bei Mazzella Rent, Ihrer vertrauensw\u00fcrdigen Fahrzeugvermietung auf Ischia. Gegr\u00fcndet im Jahr 1965, hat Mazzella Rent tiefe Wurzeln in der Mobilit\u00e4t auf Ischia. Wir begannen als kleines Familienunternehmen und sind dank unseres Engagements f\u00fcr Qualit\u00e4t und Kundenservice zu einem der f\u00fchrenden Fahrzeugvermieter auf der Insel gewachsen. Unsere [&hellip;]<\/p>\n","protected":false},"author":1,"featured_media":1878,"parent":0,"menu_order":0,"comment_status":"closed","ping_status":"closed","template":"","meta":{"footnotes":""},"class_list":["post-2953","page","type-page","status-publish","has-post-thumbnail","hentry"],"_links":{"self":[{"href":"https:\/\/mazzellarent.it\/de\/wp-json\/wp\/v2\/pages\/2953","targetHints":{"allow":["GET"]}}],"collection":[{"href":"https:\/\/mazzellarent.it\/de\/wp-json\/wp\/v2\/pages"}],"about":[{"href":"https:\/\/mazzellarent.it\/de\/wp-json\/wp\/v2\/types\/page"}],"author":[{"embeddable":true,"href":"https:\/\/mazzellarent.it\/de\/wp-json\/wp\/v2\/users\/1"}],"replies":[{"embeddable":true,"href":"https:\/\/mazzellarent.it\/de\/wp-json\/wp\/v2\/comments?post=2953"}],"version-history":[{"count":1,"href":"https:\/\/mazzellarent.it\/de\/wp-json\/wp\/v2\/pages\/2953\/revisions"}],"predecessor-version":[{"id":2964,"href":"https:\/\/mazzellarent.it\/de\/wp-json\/wp\/v2\/pages\/2953\/revisions\/2964"}],"wp:featuredmedia":[{"embeddable":true,"href":"https:\/\/mazzellarent.it\/de\/wp-json\/wp\/v2\/media\/1878"}],"wp:attachment":[{"href":"https:\/\/mazzellarent.it\/de\/wp-json\/wp\/v2\/media?parent=2953"}],"curies":[{"name":"wp","href":"https:\/\/api.w.org\/{rel}","templated":true}]}}