{"id":2957,"date":"2025-03-10T16:53:46","date_gmt":"2025-03-10T16:53:46","guid":{"rendered":"https:\/\/mazzellarent.it\/faq-de\/"},"modified":"2026-04-09T08:03:47","modified_gmt":"2026-04-09T08:03:47","slug":"faq-de","status":"publish","type":"page","link":"https:\/\/mazzellarent.it\/de\/faq-de\/","title":{"rendered":"FAQ"},"content":{"rendered":"\n<div class=\"wp-block-cover alignfull is-light\" style=\"min-height:60vh;aspect-ratio:unset;\"><span aria-hidden=\"true\" class=\"wp-block-cover__background has-background-dim-20 has-background-dim\" style=\"background-color:#8ab5ce\"><\/span><img loading=\"lazy\" decoding=\"async\" width=\"1920\" height=\"1280\" class=\"wp-block-cover__image-background wp-image-1839\" alt=\"\" src=\"https:\/\/mazzellarent.it\/wp-content\/uploads\/2025\/03\/Offerte-2.jpg\" style=\"object-position:47% 32%\" data-object-fit=\"cover\" data-object-position=\"47% 32%\" srcset=\"https:\/\/mazzellarent.it\/wp-content\/uploads\/2025\/03\/Offerte-2.jpg 1920w, https:\/\/mazzellarent.it\/wp-content\/uploads\/2025\/03\/Offerte-2-300x200.jpg 300w, https:\/\/mazzellarent.it\/wp-content\/uploads\/2025\/03\/Offerte-2-1024x683.jpg 1024w, https:\/\/mazzellarent.it\/wp-content\/uploads\/2025\/03\/Offerte-2-768x512.jpg 768w, https:\/\/mazzellarent.it\/wp-content\/uploads\/2025\/03\/Offerte-2-1536x1024.jpg 1536w\" sizes=\"auto, (max-width: 1920px) 100vw, 1920px\" \/><div class=\"wp-block-cover__inner-container is-layout-constrained wp-block-cover-is-layout-constrained\"><h2 style=\"font-style:normal;font-weight:700;text-transform:uppercase;\" class=\"has-text-align-center has-link-color orkestra-text-shadow wp-elements-92823b066cab8971a681e4e78cddb227 wp-block-post-title has-text-color has-default-color has-xx-large-font-size\">FAQ<\/h2><\/div><\/div>\n\n\n\n<div class=\"wp-block-group is-layout-constrained wp-container-core-group-is-layout-59ea0ddc wp-block-group-is-layout-constrained\" style=\"padding-top:60px;padding-right:30px;padding-bottom:60px;padding-left:30px\">\n<div class=\"wp-block-group is-layout-constrained wp-block-group-is-layout-constrained\">\n<h3 class=\"wp-block-heading has-secondary-color has-text-color has-link-color wp-elements-a3ab63987582f4d7606d78a12787df6c\">Willkommen im FAQ-Bereich von Mazzella Rent<\/h3>\n\n\n\n<p>Willkommen in unserem Bereich f\u00fcr h\u00e4ufig gestellte Fragen! Bei Mazzella Rent verstehen wir, wie wichtig es ist, klare und detaillierte Informationen bereitzustellen, damit Sie Ihre Reise optimal planen k\u00f6nnen. Ob Sie einen Urlaub, eine Gesch\u00e4ftsreise planen oder einfach ein zuverl\u00e4ssiges Transportmittel auf Ischia ben\u00f6tigen \u2013 wir sind f\u00fcr Sie da.<\/p>\n\n\n\n<p>Entdecken Sie unsere FAQ, um mehr dar\u00fcber zu erfahren, wie wir Ihre Reise nach Ischia mit Mazzella Rent unvergesslich machen k\u00f6nnen.<\/p>\n<\/div>\n\n\n\n<div class=\"wp-block-group is-layout-constrained wp-block-group-is-layout-constrained\">\n<details class=\"wp-block-details orkestra-accordion is-layout-flow wp-block-details-is-layout-flow\"><summary>Welche Fahrzeugtypen bietet Mazzella Rent zur Miete auf Ischia an?<\/summary>\n<p>Mazzella Rent bietet eine breite Palette von Fahrzeugen zur Miete auf Ischia an, darunter Autos verschiedener Gr\u00f6\u00dfen, Roller und Luxusfahrzeuge. Alle unsere Fahrzeuge sind modern, gut gewartet und werden regelm\u00e4\u00dfig \u00fcberpr\u00fcft, um Ihre Sicherheit und Ihren Komfort w\u00e4hrend Ihrer Reise auf der Insel zu gew\u00e4hrleisten.<\/p>\n<\/details>\n\n\n\n<details class=\"wp-block-details orkestra-accordion is-layout-flow wp-block-details-is-layout-flow\"><summary>Wie kann ich ein Auto bei Mazzella Rent auf Ischia buchen?<\/summary>\n<p>Ein Auto bei Mazzella Rent zu buchen ist schnell und einfach. Sie k\u00f6nnen dies direkt \u00fcber unsere Website tun, wo Sie alle verf\u00fcgbaren Optionen, Preise und Details zur Abholung des Fahrzeugs finden.<\/p>\n<\/details>\n\n\n\n<details class=\"wp-block-details orkestra-accordion is-layout-flow wp-block-details-is-layout-flow\"><summary>Gibt es versteckte Kosten bei der Anmietung bei Mazzella Rent?<\/summary>\n<p>Nein, Mazzella Rent verfolgt eine Politik der vollst\u00e4ndigen Preistransparenz. Es gibt keine versteckten Kosten oder zus\u00e4tzlichen Geb\u00fchren. Der Preis, den Sie sehen, ist der Preis, den Sie zahlen.<\/p>\n<\/details>\n\n\n\n<details class=\"wp-block-details orkestra-accordion is-layout-flow wp-block-details-is-layout-flow\"><summary>Kann man das Auto an verschiedenen Orten auf der Insel abholen und zur\u00fcckgeben?<\/summary>\n<p>Ja, wir bieten flexible Lieferoptionen f\u00fcr Ihren maximalen Komfort. Sie k\u00f6nnen das Auto an verschiedenen strategischen Punkten auf der Insel Ischia abholen und zur\u00fcckgeben. Dieser Service hat zus\u00e4tzliche Kosten.<\/p>\n<\/details>\n\n\n\n<details class=\"wp-block-details orkestra-accordion is-layout-flow wp-block-details-is-layout-flow\"><summary>Wie gew\u00e4hrleistet Mazzella Rent die Sicherheit der Mietfahrzeuge?<\/summary>\n<p>Sicherheit hat bei uns h\u00f6chste Priorit\u00e4t. Alle Fahrzeuge von Mazzella Rent werden strengen Kontrollen und regelm\u00e4\u00dfiger Wartung unterzogen, um sicherzustellen, dass sie in optimalem Zustand sind.<\/p>\n<\/details>\n\n\n\n<details class=\"wp-block-details orkestra-accordion is-layout-flow wp-block-details-is-layout-flow\"><summary>Gibt es einen Kundendienst f\u00fcr Kunden?<\/summary>\n<p>Ja, Mazzella Rent bietet einen 24\/7-Kundendienst. Wir stehen Ihnen jederzeit f\u00fcr Fragen oder W\u00fcnsche w\u00e4hrend der Mietzeit zur Verf\u00fcgung.<\/p>\n<\/details>\n<\/div>\n<\/div>\n","protected":false},"excerpt":{"rendered":"<p>Willkommen im FAQ-Bereich von Mazzella Rent Willkommen in unserem Bereich f\u00fcr h\u00e4ufig gestellte Fragen! Bei Mazzella Rent verstehen wir, wie wichtig es ist, klare und detaillierte Informationen bereitzustellen, damit Sie Ihre Reise optimal planen k\u00f6nnen. Ob Sie einen Urlaub, eine Gesch\u00e4ftsreise planen oder einfach ein zuverl\u00e4ssiges Transportmittel auf Ischia ben\u00f6tigen \u2013 wir sind f\u00fcr Sie [&hellip;]<\/p>\n","protected":false},"author":1,"featured_media":0,"parent":0,"menu_order":0,"comment_status":"closed","ping_status":"closed","template":"wp-custom-template-pagine-no-cover","meta":{"footnotes":""},"class_list":["post-2957","page","type-page","status-publish","hentry"],"_links":{"self":[{"href":"https:\/\/mazzellarent.it\/de\/wp-json\/wp\/v2\/pages\/2957","targetHints":{"allow":["GET"]}}],"collection":[{"href":"https:\/\/mazzellarent.it\/de\/wp-json\/wp\/v2\/pages"}],"about":[{"href":"https:\/\/mazzellarent.it\/de\/wp-json\/wp\/v2\/types\/page"}],"author":[{"embeddable":true,"href":"https:\/\/mazzellarent.it\/de\/wp-json\/wp\/v2\/users\/1"}],"replies":[{"embeddable":true,"href":"https:\/\/mazzellarent.it\/de\/wp-json\/wp\/v2\/comments?post=2957"}],"version-history":[{"count":1,"href":"https:\/\/mazzellarent.it\/de\/wp-json\/wp\/v2\/pages\/2957\/revisions"}],"predecessor-version":[{"id":2969,"href":"https:\/\/mazzellarent.it\/de\/wp-json\/wp\/v2\/pages\/2957\/revisions\/2969"}],"wp:attachment":[{"href":"https:\/\/mazzellarent.it\/de\/wp-json\/wp\/v2\/media?parent=2957"}],"curies":[{"name":"wp","href":"https:\/\/api.w.org\/{rel}","templated":true}]}}