{"id":2959,"date":"2026-04-09T07:56:31","date_gmt":"2026-04-09T07:56:31","guid":{"rendered":"https:\/\/mazzellarent.it\/dienstleistungen\/"},"modified":"2026-04-09T07:56:31","modified_gmt":"2026-04-09T07:56:31","slug":"dienstleistungen","status":"publish","type":"page","link":"https:\/\/mazzellarent.it\/de\/dienstleistungen\/","title":{"rendered":"Dienstleistungen"},"content":{"rendered":"\n<div class=\"wp-block-group is-layout-constrained wp-container-core-group-is-layout-edcd9cee wp-block-group-is-layout-constrained\" style=\"padding-top:30px;padding-right:30px;padding-bottom:30px;padding-left:30px\">\n<div class=\"wp-block-media-text is-stacked-on-mobile orkestra-media-text-image\"><figure class=\"wp-block-media-text__media\"><img loading=\"lazy\" decoding=\"async\" width=\"960\" height=\"720\" src=\"https:\/\/mazzellarent.it\/wp-content\/uploads\/2023\/12\/19224794_1347563758614212_3368601266278047665_n.jpg\" alt=\"\" class=\"wp-image-676 size-full\" srcset=\"https:\/\/mazzellarent.it\/wp-content\/uploads\/2023\/12\/19224794_1347563758614212_3368601266278047665_n.jpg 960w, https:\/\/mazzellarent.it\/wp-content\/uploads\/2023\/12\/19224794_1347563758614212_3368601266278047665_n-300x225.jpg 300w, https:\/\/mazzellarent.it\/wp-content\/uploads\/2023\/12\/19224794_1347563758614212_3368601266278047665_n-768x576.jpg 768w\" sizes=\"auto, (max-width: 960px) 100vw, 960px\" \/><\/figure><div class=\"wp-block-media-text__content\">\n<div class=\"wp-block-group is-vertical is-layout-flex wp-container-core-group-is-layout-892a35f3 wp-block-group-is-layout-flex\" style=\"padding-top:24px;padding-bottom:24px\">\n<h3 class=\"wp-block-heading has-secondary-color has-text-color has-link-color wp-elements-848c4209e79966d94a02dfed45e2f4d5\">Mazzella Service Center<\/h3>\n\n\n\n<p>F\u00fcr Buchungen oder weitere Informationen zu unseren Mietdiensten kontaktieren Sie uns bitte.<\/p>\n\n\n\n<ul style=\"font-size:clamp(14px, 0.875rem + ((1vw - 3.2px) * 0.357), 18px);\" class=\"wp-block-list orkestra-concierge-included\">\n<li><strong>Zentrale Lage<\/strong>: Leicht erreichbar vom Hafen und den Hauptattraktionen.<\/li>\n\n\n\n<li><strong>Flexibilit\u00e4t<\/strong>: Mietoptionen von einem Tag bis Langzeitmiete.<\/li>\n\n\n\n<li><strong>Kundenbetreuung<\/strong>: Freundlicher und professioneller Support mit Tipps, wie Sie Ihre Miete optimal nutzen.<\/li>\n<\/ul>\n<\/div>\n<\/div><\/div>\n\n\n\n<div class=\"wp-block-group is-layout-grid wp-container-core-group-is-layout-49d8c185 wp-block-group-is-layout-grid\">\n<div class=\"wp-block-group has-background is-vertical is-content-justification-stretch is-layout-flex wp-container-core-group-is-layout-92319481 wp-block-group-is-layout-flex\" style=\"border-radius:24px;background:radial-gradient(rgb(255,255,255) 0%,rgb(239,244,250) 100%);padding-top:24px;padding-right:24px;padding-bottom:24px;padding-left:24px\">\n<div class=\"wp-block-group is-layout-constrained wp-block-group-is-layout-constrained\">\n<figure class=\"wp-block-image size-full\"><img loading=\"lazy\" decoding=\"async\" width=\"901\" height=\"564\" src=\"https:\/\/mazzellarent.it\/wp-content\/uploads\/2025\/03\/AYGO-X.png\" alt=\"Noleggio Toyota Aygo X Ischia - Mazzella Rent\" class=\"wp-image-1652\" style=\"aspect-ratio:4\/3;object-fit:contain\" srcset=\"https:\/\/mazzellarent.it\/wp-content\/uploads\/2025\/03\/AYGO-X.png 901w, https:\/\/mazzellarent.it\/wp-content\/uploads\/2025\/03\/AYGO-X-300x188.png 300w, https:\/\/mazzellarent.it\/wp-content\/uploads\/2025\/03\/AYGO-X-768x481.png 768w\" sizes=\"auto, (max-width: 901px) 100vw, 901px\" \/><\/figure>\n\n\n\n<h4 class=\"wp-block-heading\" style=\"font-size:clamp(18.959px, 1.185rem + ((1vw - 3.2px) * 0.986), 30px);\">Fahrzeugvermietung<\/h4>\n\n\n\n<p>F\u00fcr alle, die Komfort und Platz suchen, bieten wir eine Reihe von Fahrzeugen zur Miete an. Von Kleinwagen bis Familienautos \u2013 alle unsere Fahrzeuge werden nach h\u00f6chsten Standards gewartet.<\/p>\n<\/div>\n\n\n\n<div class=\"wp-block-group is-layout-constrained wp-block-group-is-layout-constrained\">\n<ul class=\"wp-block-list orkestra-concierge-included has-small-font-size\">\n<li><strong>Verf\u00fcgbare Modelle<\/strong>: Fiat 500, Volkswagen Polo, Renault Clio.<\/li>\n\n\n\n<li><strong>Preise<\/strong>: Ab 25 \u20ac pro Tag. <em>*Preis g\u00fcltig au\u00dferhalb der Hochsaison. Im August gelten Aufpreise.<\/em><\/li>\n\n\n\n<li><strong>Im Mietpreis enthalten<\/strong>: Vollkasko, 24-Stunden-Pannenhilfe, Kindersitze auf Anfrage.<\/li>\n<\/ul>\n\n\n\n<div class=\"wp-block-buttons is-content-justification-center is-layout-flex wp-container-core-buttons-is-layout-8c954333 wp-block-buttons-is-layout-flex\" style=\"padding-top:12px\">\n<div class=\"wp-block-button\"><a class=\"wp-block-button__link wp-element-button\" href=\"https:\/\/mazzellarent.it\/de\/buch\/\">Jetzt buchen<\/a><\/div>\n<\/div>\n<\/div>\n<\/div>\n\n\n\n<div class=\"wp-block-group has-background is-vertical is-content-justification-stretch is-layout-flex wp-container-core-group-is-layout-92319481 wp-block-group-is-layout-flex\" style=\"border-radius:24px;background:radial-gradient(rgb(255,255,255) 0%,rgb(239,244,250) 100%);padding-top:24px;padding-right:24px;padding-bottom:24px;padding-left:24px\">\n<div class=\"wp-block-group is-layout-constrained wp-block-group-is-layout-constrained\">\n<figure class=\"wp-block-image size-full\"><img loading=\"lazy\" decoding=\"async\" width=\"598\" height=\"418\" src=\"https:\/\/mazzellarent.it\/wp-content\/uploads\/2025\/03\/0.-Scooter-300.png\" alt=\"Noleggio scooter 300cc Ischia - Mazzella Rent\" class=\"wp-image-200\" style=\"aspect-ratio:4\/3;object-fit:cover\" srcset=\"https:\/\/mazzellarent.it\/wp-content\/uploads\/2025\/03\/0.-Scooter-300.png 598w, https:\/\/mazzellarent.it\/wp-content\/uploads\/2025\/03\/0.-Scooter-300-300x210.png 300w\" sizes=\"auto, (max-width: 598px) 100vw, 598px\" \/><\/figure>\n\n\n\n<h4 class=\"wp-block-heading\" style=\"font-size:clamp(18.959px, 1.185rem + ((1vw - 3.2px) * 0.986), 30px);\">Rollerverleih<\/h4>\n\n\n\n<p>Esplorate l\u2019isola con stile e facilit\u00e0 con la nostra selezione di scooter. Disponibili in vari modelli e dimensioni, i nostri scooter sono la soluzione perfetta per muoversi rapidamente e godersi le bellezze di Ischia.<\/p>\n<\/div>\n\n\n\n<div class=\"wp-block-group is-layout-constrained wp-block-group-is-layout-constrained\">\n<ul class=\"wp-block-list orkestra-concierge-included has-small-font-size\">\n<li><strong>Verf\u00fcgbare Modelle<\/strong>: Scooter 125.<\/li>\n\n\n\n<li><strong>Preise<\/strong>: Ab 25 \u20ac pro Tag.<\/li>\n\n\n\n<li><strong>Im Mietpreis enthalten<\/strong>: Casco, assicurazione, mappa dell\u2019isola.<\/li>\n<\/ul>\n\n\n\n<div class=\"wp-block-buttons is-content-justification-center is-layout-flex wp-container-core-buttons-is-layout-8c954333 wp-block-buttons-is-layout-flex\" style=\"padding-top:12px\">\n<div class=\"wp-block-button\"><a class=\"wp-block-button__link wp-element-button\" href=\"https:\/\/mazzellarent.it\/de\/buch\/\">Jetzt buchen<\/a><\/div>\n<\/div>\n<\/div>\n<\/div>\n\n\n\n<div class=\"wp-block-group has-background is-vertical is-content-justification-stretch is-layout-flex wp-container-core-group-is-layout-92319481 wp-block-group-is-layout-flex\" style=\"border-radius:24px;background:radial-gradient(rgb(255,255,255) 0%,rgb(239,244,250) 100%);padding-top:24px;padding-right:24px;padding-bottom:24px;padding-left:24px\">\n<div class=\"wp-block-group is-layout-constrained wp-block-group-is-layout-constrained\">\n<figure class=\"wp-block-image size-full\"><img loading=\"lazy\" decoding=\"async\" width=\"598\" height=\"418\" src=\"https:\/\/mazzellarent.it\/wp-content\/uploads\/2025\/03\/0.-Byke.png\" alt=\"Noleggio e-bike Ischia - Mazzella Rent\" class=\"wp-image-196\" style=\"aspect-ratio:4\/3;object-fit:cover\" srcset=\"https:\/\/mazzellarent.it\/wp-content\/uploads\/2025\/03\/0.-Byke.png 598w, https:\/\/mazzellarent.it\/wp-content\/uploads\/2025\/03\/0.-Byke-300x210.png 300w\" sizes=\"auto, (max-width: 598px) 100vw, 598px\" \/><\/figure>\n\n\n\n<h4 class=\"wp-block-heading\" style=\"font-size:clamp(18.959px, 1.185rem + ((1vw - 3.2px) * 0.986), 30px);\">E-Bike-Verleih<\/h4>\n\n\n\n<p>Scoprite Ischia a un ritmo pi\u00f9 rilassato con le nostre biciclette elettriche. Perfette per tour ecologici dell\u2019isola, le nostre e-bike offrono un modo divertente ed efficiente per esplorare.<\/p>\n<\/div>\n\n\n\n<div class=\"wp-block-group is-layout-constrained wp-block-group-is-layout-constrained\">\n<ul class=\"wp-block-list orkestra-concierge-included has-small-font-size\">\n<li><strong>Verf\u00fcgbare Modelle<\/strong>: eBike.<\/li>\n\n\n\n<li><strong>Preise<\/strong>: A partire da 20\u20ac al giorno.<\/li>\n\n\n\n<li><strong>Im Mietpreis enthalten<\/strong>: Casco, lucchetto, carica batterie.<\/li>\n<\/ul>\n\n\n\n<div class=\"wp-block-buttons is-content-justification-center is-layout-flex wp-container-core-buttons-is-layout-8c954333 wp-block-buttons-is-layout-flex\" style=\"padding-top:12px\">\n<div class=\"wp-block-button\"><a class=\"wp-block-button__link wp-element-button\" href=\"https:\/\/mazzellarent.it\/de\/buch\/\">Jetzt buchen<\/a><\/div>\n<\/div>\n<\/div>\n<\/div>\n<\/div>\n<\/div>\n\n\n\n<div class=\"wp-block-group alignfull is-layout-constrained wp-block-group-is-layout-constrained\">\n<div class=\"wp-block-group is-layout-constrained wp-container-core-group-is-layout-09e7fe32 wp-block-group-is-layout-constrained\" style=\"padding-top:80px;padding-right:var(--wp--preset--spacing--40);padding-bottom:80px;padding-left:var(--wp--preset--spacing--40)\">\n<div class=\"wp-block-group is-layout-constrained wp-block-group-is-layout-constrained\">\n<p class=\"has-text-align-center has-base-color has-text-color has-small-font-size\" style=\"letter-spacing:1px;text-transform:uppercase\">Erfahrung und Freundlichkeit an Ihrer Seite<\/p>\n\n\n\n<h3 class=\"wp-block-heading has-text-align-center has-base-color has-text-color\" style=\"font-size:clamp(26.465px, 1.654rem + ((1vw - 3.2px) * 1.655), 45px);font-style:normal;font-weight:700;line-height:1.1\">Warum Mazzella Rent w\u00e4hlen?<\/h3>\n<\/div>\n\n\n\n<div style=\"height:60px\" aria-hidden=\"true\" class=\"wp-block-spacer\"><\/div>\n\n\n\n<div class=\"wp-block-group orkestra-scrollable-mobile-only is-layout-grid wp-container-core-group-is-layout-6056aaf6 wp-block-group-is-layout-grid\">\n<div class=\"wp-block-group has-quaternary-background-color has-background is-vertical is-content-justification-center is-layout-flex wp-container-core-group-is-layout-add3143a wp-block-group-is-layout-flex\" style=\"border-radius:24px;padding-top:24px;padding-right:24px;padding-bottom:24px;padding-left:24px\">\n<div class=\"wp-block-group is-layout-constrained wp-block-group-is-layout-constrained\">\n<figure class=\"wp-block-image aligncenter size-full is-resized has-custom-border\"><img loading=\"lazy\" decoding=\"async\" width=\"100\" height=\"100\" src=\"https:\/\/mazzellarent.it\/wp-content\/uploads\/2025\/03\/03-Servizio-Clienti.png\" alt=\"Servizio clienti Mazzella Rent Ischia\" class=\"wp-image-177\" style=\"border-radius:50px;aspect-ratio:1;object-fit:cover;width:auto;height:100px\"\/><\/figure>\n\n\n\n<h3 class=\"wp-block-heading has-text-align-center has-secondary-color has-text-color\" style=\"font-size:clamp(18.959px, 1.185rem + ((1vw - 3.2px) * 0.986), 30px);\">Erfahrung und Verl\u00e4sslichkeit<\/h3>\n<\/div>\n\n\n\n<p class=\"has-text-align-center has-base-color has-text-color has-small-font-size\" style=\"margin-bottom:0px\">Mit \u00fcber 20 Jahren Erfahrung im Bereich der Stra\u00dfenmobilit\u00e4t ist Mazzella Rent eines der etabliertesten und zuverl\u00e4ssigsten Vermietungsunternehmen auf Ischia. Wir haben einen soliden Ruf f\u00fcr Qualit\u00e4tsservice und Kundenzufriedenheit, so dass Ihre Reise immer in guten H\u00e4nden ist.<\/p>\n<\/div>\n\n\n\n<div class=\"wp-block-group has-quaternary-background-color has-background is-vertical is-content-justification-center is-layout-flex wp-container-core-group-is-layout-add3143a wp-block-group-is-layout-flex\" style=\"border-radius:24px;padding-top:24px;padding-right:24px;padding-bottom:24px;padding-left:24px\">\n<div class=\"wp-block-group is-layout-constrained wp-block-group-is-layout-constrained\">\n<figure class=\"wp-block-image aligncenter size-full is-resized has-custom-border\"><img loading=\"lazy\" decoding=\"async\" width=\"100\" height=\"100\" src=\"https:\/\/mazzellarent.it\/wp-content\/uploads\/2025\/03\/02-Macchine.png\" alt=\"Ampia scelta veicoli noleggio Ischia\" class=\"wp-image-176\" style=\"border-radius:50px;aspect-ratio:1;object-fit:cover;width:auto;height:100px\"\/><\/figure>\n\n\n\n<h3 class=\"wp-block-heading has-text-align-center has-secondary-color has-text-color\" style=\"font-size:clamp(18.959px, 1.185rem + ((1vw - 3.2px) * 0.986), 30px);\">Gro\u00dfe Auswahl an Fahrzeugen<\/h3>\n<\/div>\n\n\n\n<p class=\"has-text-align-center has-base-color has-text-color has-small-font-size\" style=\"margin-bottom:0px\">Wir bieten eine breite Palette von Mietoptionen f\u00fcr alle Bed\u00fcrfnisse und Budgets. Vom Luxusauto bis zum wendigen Motorroller wird jedes Fahrzeug in einem Top-Zustand gehalten und regelm\u00e4\u00dfig kontrolliert und desinfiziert, um ein H\u00f6chstma\u00df an Sicherheit und Komfort zu gew\u00e4hrleisten.<\/p>\n<\/div>\n\n\n\n<div class=\"wp-block-group has-quaternary-background-color has-background is-vertical is-content-justification-center is-layout-flex wp-container-core-group-is-layout-add3143a wp-block-group-is-layout-flex\" style=\"border-radius:24px;padding-top:24px;padding-right:24px;padding-bottom:24px;padding-left:24px\">\n<div class=\"wp-block-group is-layout-constrained wp-block-group-is-layout-constrained\">\n<figure class=\"wp-block-image aligncenter size-full is-resized has-custom-border\"><img loading=\"lazy\" decoding=\"async\" width=\"100\" height=\"100\" src=\"https:\/\/mazzellarent.it\/wp-content\/uploads\/2025\/03\/01-Affidabilita.png\" alt=\"Esperienza e affidabilit\u00e0 Mazzella Rent\" class=\"wp-image-175\" style=\"border-radius:50px;aspect-ratio:1;object-fit:cover;width:auto;height:100px\"\/><\/figure>\n\n\n\n<h3 class=\"wp-block-heading has-text-align-center has-secondary-color has-text-color has-link-color wp-elements-d1fc04582bb7a243d73701530afd2576\" style=\"font-size:clamp(18.959px, 1.185rem + ((1vw - 3.2px) * 0.986), 30px);\">Ausgezeichneter Kundenservice<\/h3>\n<\/div>\n\n\n\n<p class=\"has-text-align-center has-small-font-size\">Unser Kundenservice ist unvergleichlich. Wir stehen Ihnen rund um die Uhr zur Verf\u00fcgung, um Sie in allen Belangen Ihrer Anmietung zu unterst\u00fctzen. Ob Sie sofortige Pannenhilfe ben\u00f6tigen oder Ratschl\u00e4ge zur Erkundung der Insel, unser Team steht Ihnen jederzeit zur Verf\u00fcgung.<\/p>\n<\/div>\n\n\n\n<div class=\"wp-block-group has-quaternary-background-color has-background is-vertical is-content-justification-center is-layout-flex wp-container-core-group-is-layout-add3143a wp-block-group-is-layout-flex\" style=\"border-radius:24px;padding-top:24px;padding-right:24px;padding-bottom:24px;padding-left:24px\">\n<div class=\"wp-block-group is-layout-constrained wp-block-group-is-layout-constrained\">\n<figure class=\"wp-block-image aligncenter size-full is-resized has-custom-border\"><img loading=\"lazy\" decoding=\"async\" width=\"100\" height=\"100\" src=\"https:\/\/mazzellarent.it\/wp-content\/uploads\/2025\/03\/04-Flessibilita.png\" alt=\"Flessibilit\u00e0 noleggio auto Ischia\" class=\"wp-image-178\" style=\"border-radius:50px;aspect-ratio:1;object-fit:cover;width:auto;height:100px\"\/><\/figure>\n\n\n\n<h3 class=\"wp-block-heading has-text-align-center has-secondary-color has-text-color\" style=\"font-size:clamp(18.959px, 1.185rem + ((1vw - 3.2px) * 0.986), 30px);\">Flexibilit\u00e4t und Bequemlichkeit<\/h3>\n<\/div>\n\n\n\n<p class=\"has-text-align-center has-base-color has-text-color has-small-font-size\" style=\"margin-bottom:0px\">Wir wissen, dass jeder Reisende anders ist. Deshalb bieten wir eine Vielzahl flexibler Mietpl\u00e4ne an, von Tages- bis Monatsmieten, mit auf Sie zugeschnittenen Liefer- und Abholoptionen. Wir erleichtern Ihnen die Anmietung auf jede erdenkliche Weise.<\/p>\n<\/div>\n\n\n\n<div class=\"wp-block-group has-quaternary-background-color has-background is-vertical is-content-justification-center is-layout-flex wp-container-core-group-is-layout-add3143a wp-block-group-is-layout-flex\" style=\"border-radius:24px;padding-top:24px;padding-right:24px;padding-bottom:24px;padding-left:24px\">\n<div class=\"wp-block-group is-layout-constrained wp-block-group-is-layout-constrained\">\n<figure class=\"wp-block-image aligncenter size-full is-resized has-custom-border\"><img loading=\"lazy\" decoding=\"async\" width=\"100\" height=\"100\" src=\"https:\/\/mazzellarent.it\/wp-content\/uploads\/2025\/03\/05-Tariffe.png\" alt=\"Tariffe competitive noleggio Ischia\" class=\"wp-image-179\" style=\"border-radius:50px;aspect-ratio:1;object-fit:cover;width:auto;height:100px\"\/><\/figure>\n\n\n\n<h3 class=\"wp-block-heading has-text-align-center has-secondary-color has-text-color\" style=\"font-size:clamp(18.959px, 1.185rem + ((1vw - 3.2px) * 0.986), 30px);\">Wettbewerbsf\u00e4hige Preise und keine versteckten Kosten<\/h3>\n<\/div>\n\n\n\n<p class=\"has-text-align-center has-base-color has-text-color has-small-font-size\" style=\"margin-bottom:0px\">Transparenz ist f\u00fcr uns von grundlegender Bedeutung. Bei Mazzella Rent erhalten Sie immer einen klaren und detaillierten Kostenvoranschlag, ohne versteckte Kosten oder unerwartete Zusatzausgaben. Unsere Tarife geh\u00f6ren zu den wettbewerbsf\u00e4higsten auf dem Markt und bieten ein ausgezeichnetes Preis-Leistungs-Verh\u00e4ltnis.<\/p>\n<\/div>\n\n\n\n<div class=\"wp-block-group has-quaternary-background-color has-background is-vertical is-content-justification-center is-layout-flex wp-container-core-group-is-layout-add3143a wp-block-group-is-layout-flex\" style=\"border-radius:24px;padding-top:24px;padding-right:24px;padding-bottom:24px;padding-left:24px\">\n<div class=\"wp-block-group is-layout-constrained wp-block-group-is-layout-constrained\">\n<figure class=\"wp-block-image aligncenter size-full is-resized has-custom-border\"><img loading=\"lazy\" decoding=\"async\" width=\"100\" height=\"100\" src=\"https:\/\/mazzellarent.it\/wp-content\/uploads\/2025\/03\/06-Locale.png\" alt=\"Conoscenza locale Ischia Mazzella Rent\" class=\"wp-image-180\" style=\"border-radius:50px;aspect-ratio:1;object-fit:cover;width:auto;height:100px\"\/><\/figure>\n\n\n\n<h4 class=\"wp-block-heading has-secondary-color has-text-color has-link-color wp-elements-80e7f4f21c9b564cf470d519fce587b8\" style=\"font-size:clamp(18.959px, 1.185rem + ((1vw - 3.2px) * 0.986), 30px);\">Lokales Wissen<\/h4>\n<\/div>\n\n\n\n<p class=\"has-text-align-center has-small-font-size\">Als ortsans\u00e4ssiges Unternehmen mit einer tiefen Liebe zu Ischia verf\u00fcgen wir \u00fcber ausgezeichnete Kenntnisse der Insel. So k\u00f6nnen wir Ihnen fachkundige Ratschl\u00e4ge und pers\u00f6nliche Vorschl\u00e4ge geben, damit Sie weniger bekannte Orte und authentische Erlebnisse entdecken k\u00f6nnen.<\/p>\n<\/div>\n<\/div>\n<\/div>\n<\/div>\n\n\n\n<div class=\"wp-block-group alignfull is-layout-constrained wp-block-group-is-layout-constrained\">\n<div class=\"wp-block-group alignfull has-default-color has-text-color has-background has-link-color wp-elements-aaefc1e9365ff96783903a817a951381 is-layout-constrained wp-container-core-group-is-layout-a5588b2a wp-block-group-is-layout-constrained\" style=\"background:radial-gradient(rgb(17,187,238) 1%,rgb(36,107,202) 100%);padding-top:var(--wp--preset--spacing--70);padding-right:var(--wp--preset--spacing--50);padding-bottom:var(--wp--preset--spacing--70);padding-left:var(--wp--preset--spacing--50)\">\n<div class=\"wp-block-media-text has-media-on-the-right is-stacked-on-mobile is-vertically-aligned-center orkestra-media-text-image\"><div class=\"wp-block-media-text__content\">\n<div class=\"wp-block-group alignfull is-layout-constrained wp-block-group-is-layout-constrained\" style=\"padding-top:24px;padding-bottom:24px\">\n<h3 class=\"wp-block-heading alignfull\">Ischia entdecken: 10 Orte, die man gesehen haben muss und wie man dorthin kommt<\/h3>\n\n\n\n<p>Ischia, auch bekannt als die Gr\u00fcne Insel, ist ein Reiseziel, das eine erstaunliche Vielfalt an Erlebnissen bietet. Von unber\u00fchrten Str\u00e4nden bis zu Naturheilb\u00e4dern, von \u00fcppigen G\u00e4rten bis zu historischen Schl\u00f6ssern &#8211; die Insel bietet f\u00fcr jeden etwas. In Zusammenarbeit mit Mazzella Rent, Ihrem zuverl\u00e4ssigen Mobilit\u00e4tspartner auf Ischia, haben wir diesen Reisef\u00fchrer erstellt, der Ihnen helfen soll, die verborgenen Sch\u00e4tze und ber\u00fchmtesten Attraktionen der Insel zu entdecken.  <\/p>\n\n\n\n<div class=\"wp-block-buttons is-layout-flex wp-block-buttons-is-layout-flex\">\n<div class=\"wp-block-button\"><a class=\"wp-block-button__link wp-element-button\" href=\"https:\/\/mazzellarent.it\/cosa-vedere-ad-ischia\/\">Reisef\u00fchrer<\/a><\/div>\n<\/div>\n<\/div>\n<\/div><figure class=\"wp-block-media-text__media\"><img loading=\"lazy\" decoding=\"async\" width=\"1024\" height=\"683\" src=\"https:\/\/mazzellarent.it\/wp-content\/uploads\/2025\/03\/Lacco-1024x683.jpg\" alt=\"Noleggio Fiat 500 Ischia - Mazzella Rent\" class=\"wp-image-1864 size-full\" srcset=\"https:\/\/mazzellarent.it\/wp-content\/uploads\/2025\/03\/Lacco-1024x683.jpg 1024w, https:\/\/mazzellarent.it\/wp-content\/uploads\/2025\/03\/Lacco-300x200.jpg 300w, https:\/\/mazzellarent.it\/wp-content\/uploads\/2025\/03\/Lacco-768x512.jpg 768w, https:\/\/mazzellarent.it\/wp-content\/uploads\/2025\/03\/Lacco-1536x1024.jpg 1536w, https:\/\/mazzellarent.it\/wp-content\/uploads\/2025\/03\/Lacco.jpg 1920w\" sizes=\"auto, (max-width: 1024px) 100vw, 1024px\" \/><\/figure><\/div>\n<\/div>\n<\/div>\n","protected":false},"excerpt":{"rendered":"<p>Mazzella Service Center F\u00fcr Buchungen oder weitere Informationen zu unseren Mietdiensten kontaktieren Sie uns bitte. Fahrzeugvermietung F\u00fcr alle, die Komfort und Platz suchen, bieten wir eine Reihe von Fahrzeugen zur Miete an. Von Kleinwagen bis Familienautos \u2013 alle unsere Fahrzeuge werden nach h\u00f6chsten Standards gewartet. Rollerverleih Esplorate l\u2019isola con stile e facilit\u00e0 con la nostra [&hellip;]<\/p>\n","protected":false},"author":1,"featured_media":1830,"parent":0,"menu_order":0,"comment_status":"closed","ping_status":"closed","template":"","meta":{"footnotes":""},"class_list":["post-2959","page","type-page","status-publish","has-post-thumbnail","hentry"],"_links":{"self":[{"href":"https:\/\/mazzellarent.it\/de\/wp-json\/wp\/v2\/pages\/2959","targetHints":{"allow":["GET"]}}],"collection":[{"href":"https:\/\/mazzellarent.it\/de\/wp-json\/wp\/v2\/pages"}],"about":[{"href":"https:\/\/mazzellarent.it\/de\/wp-json\/wp\/v2\/types\/page"}],"author":[{"embeddable":true,"href":"https:\/\/mazzellarent.it\/de\/wp-json\/wp\/v2\/users\/1"}],"replies":[{"embeddable":true,"href":"https:\/\/mazzellarent.it\/de\/wp-json\/wp\/v2\/comments?post=2959"}],"version-history":[{"count":0,"href":"https:\/\/mazzellarent.it\/de\/wp-json\/wp\/v2\/pages\/2959\/revisions"}],"wp:featuredmedia":[{"embeddable":true,"href":"https:\/\/mazzellarent.it\/de\/wp-json\/wp\/v2\/media\/1830"}],"wp:attachment":[{"href":"https:\/\/mazzellarent.it\/de\/wp-json\/wp\/v2\/media?parent=2959"}],"curies":[{"name":"wp","href":"https:\/\/api.w.org\/{rel}","templated":true}]}}