{"id":2961,"date":"2025-05-13T09:17:00","date_gmt":"2025-05-13T09:17:00","guid":{"rendered":"https:\/\/mazzellarent.it\/roller-verleih-ischia\/"},"modified":"2026-04-09T08:04:14","modified_gmt":"2026-04-09T08:04:14","slug":"roller-verleih-ischia","status":"publish","type":"page","link":"https:\/\/mazzellarent.it\/de\/roller-verleih-ischia\/","title":{"rendered":"Roller Verleih Ischia"},"content":{"rendered":"\n<div class=\"wp-block-group is-layout-constrained wp-container-core-group-is-layout-edcd9cee wp-block-group-is-layout-constrained\" style=\"padding-top:30px;padding-right:30px;padding-bottom:30px;padding-left:30px\">\n<p>Sie kommen auf die Insel Ischia und wissen nicht, wie Sie sich fortbewegen sollen? Mieten Sie einen Roller in Ischia oder Forio mit unseren besten Angeboten.<\/p>\n\n\n\n<p>Erleben Sie die Freiheit, die D\u00f6rfer Ischia Ponte, Ischia Porto, Forio und Sant&#8217;Angelo mit dem Roller zu besuchen \u2013 dank unseres sicheren und flexiblen Verleihs.<\/p>\n\n\n\n<p>Die Angebote auf der Website gelten nur bei Abholung und R\u00fcckgabe an unserem Standort in Ischia Porto und sind im August, an Feiertagen und Br\u00fcckentagen nicht g\u00fcltig. Im August berechnen wir einen Aufpreis zum Listenpreis.<\/p>\n\n\n\n<p>In diesen Zeitr\u00e4umen werden Lieferungen au\u00dferhalb unserer Gemeinde (Ischia) ausgesetzt.<\/p>\n\n\n\n<p>Nachfolgend finden Sie unsere besten Angebote f\u00fcr den Rollerverleih auf Ischia.<\/p>\n<\/div>\n","protected":false},"excerpt":{"rendered":"<p>Sie kommen auf die Insel Ischia und wissen nicht, wie Sie sich fortbewegen sollen? Mieten Sie einen Roller in Ischia oder Forio mit unseren besten Angeboten. Erleben Sie die Freiheit, die D\u00f6rfer Ischia Ponte, Ischia Porto, Forio und Sant&#8217;Angelo mit dem Roller zu besuchen \u2013 dank unseres sicheren und flexiblen Verleihs. Die Angebote auf der [&hellip;]<\/p>\n","protected":false},"author":1,"featured_media":1880,"parent":0,"menu_order":0,"comment_status":"closed","ping_status":"closed","template":"","meta":{"footnotes":""},"class_list":["post-2961","page","type-page","status-publish","has-post-thumbnail","hentry"],"_links":{"self":[{"href":"https:\/\/mazzellarent.it\/de\/wp-json\/wp\/v2\/pages\/2961","targetHints":{"allow":["GET"]}}],"collection":[{"href":"https:\/\/mazzellarent.it\/de\/wp-json\/wp\/v2\/pages"}],"about":[{"href":"https:\/\/mazzellarent.it\/de\/wp-json\/wp\/v2\/types\/page"}],"author":[{"embeddable":true,"href":"https:\/\/mazzellarent.it\/de\/wp-json\/wp\/v2\/users\/1"}],"replies":[{"embeddable":true,"href":"https:\/\/mazzellarent.it\/de\/wp-json\/wp\/v2\/comments?post=2961"}],"version-history":[{"count":1,"href":"https:\/\/mazzellarent.it\/de\/wp-json\/wp\/v2\/pages\/2961\/revisions"}],"predecessor-version":[{"id":2971,"href":"https:\/\/mazzellarent.it\/de\/wp-json\/wp\/v2\/pages\/2961\/revisions\/2971"}],"wp:featuredmedia":[{"embeddable":true,"href":"https:\/\/mazzellarent.it\/de\/wp-json\/wp\/v2\/media\/1880"}],"wp:attachment":[{"href":"https:\/\/mazzellarent.it\/de\/wp-json\/wp\/v2\/media?parent=2961"}],"curies":[{"name":"wp","href":"https:\/\/api.w.org\/{rel}","templated":true}]}}